{"id":1467,"date":"2024-12-19T06:02:04","date_gmt":"2024-12-19T06:02:04","guid":{"rendered":"https:\/\/jstpower.com\/?page_id=1467"},"modified":"2025-07-31T18:29:19","modified_gmt":"2025-07-31T18:29:19","slug":"about","status":"publish","type":"page","link":"https:\/\/jstpower.com\/de\/about\/","title":{"rendered":"\u00dcber uns"},"content":{"rendered":"","protected":false},"excerpt":{"rendered":"","protected":false},"author":2,"featured_media":1251,"parent":0,"menu_order":0,"comment_status":"closed","ping_status":"closed","template":"","meta":{"_acf_changed":false,"footnotes":""},"class_list":["post-1467","page","type-page","status-publish","has-post-thumbnail","hentry"],"acf":[],"yoast_head":"<!-- This site is optimized with the Yoast SEO plugin v26.2 - https:\/\/yoast.com\/wordpress\/plugins\/seo\/ -->\n<title>\u00dcber uns - JST Power Equipment<\/title>\n<meta name=\"description\" content=\"JST Power Equipment bietet Transformatoren- und Elektroger\u00e4te, Qualit\u00e4t, Innovation und Zuverl\u00e4ssigkeit f\u00fcr globale Energie.\" \/>\n<meta name=\"robots\" content=\"index, follow, max-snippet:-1, max-image-preview:large, max-video-preview:-1\" \/>\n<link rel=\"canonical\" href=\"https:\/\/jstpower.com\/de\/about\/\" \/>\n<meta property=\"og:locale\" content=\"de_DE\" \/>\n<meta property=\"og:type\" content=\"article\" \/>\n<meta property=\"og:title\" content=\"\u00dcber uns - JST Power Equipment\" \/>\n<meta property=\"og:description\" content=\"JST Power Equipment bietet Transformatoren- und Elektroger\u00e4te, Qualit\u00e4t, Innovation und Zuverl\u00e4ssigkeit f\u00fcr globale Energie.\" \/>\n<meta property=\"og:url\" content=\"https:\/\/jstpower.com\/de\/about\/\" \/>\n<meta property=\"og:site_name\" content=\"JST Power Equipment\" \/>\n<meta property=\"article:modified_time\" content=\"2025-07-31T18:29:19+00:00\" \/>\n<meta property=\"og:image\" content=\"https:\/\/jstpower.com\/wp-content\/uploads\/2025\/01\/AdobeStock_366055008.jpg\" \/>\n\t<meta property=\"og:image:width\" content=\"1591\" \/>\n\t<meta property=\"og:image:height\" content=\"663\" \/>\n\t<meta property=\"og:image:type\" content=\"image\/jpeg\" \/>\n<meta name=\"twitter:card\" content=\"summary_large_image\" \/>\n<meta name=\"twitter:label1\" content=\"Est. reading time\" \/>\n\t<meta name=\"twitter:data1\" content=\"1 Minute\" \/>\n<script type=\"application\/ld+json\" class=\"yoast-schema-graph\">{\"@context\":\"https:\/\/schema.org\",\"@graph\":[{\"@type\":\"WebPage\",\"@id\":\"https:\/\/jstpower.com\/de\/about\/\",\"url\":\"https:\/\/jstpower.com\/de\/about\/\",\"name\":\"\u00dcber uns - JST Power Equipment\",\"isPartOf\":{\"@id\":\"https:\/\/jstpower.com\/#website\"},\"primaryImageOfPage\":{\"@id\":\"https:\/\/jstpower.com\/de\/about\/#primaryimage\"},\"image\":{\"@id\":\"https:\/\/jstpower.com\/de\/about\/#primaryimage\"},\"thumbnailUrl\":\"https:\/\/jstpower.com\/wp-content\/uploads\/2025\/01\/AdobeStock_366055008.jpg\",\"datePublished\":\"2024-12-19T06:02:04+00:00\",\"dateModified\":\"2025-07-31T18:29:19+00:00\",\"description\":\"JST Power Equipment bietet Transformatoren- und Elektroger\u00e4te, Qualit\u00e4t, Innovation und Zuverl\u00e4ssigkeit f\u00fcr globale Energie.\",\"breadcrumb\":{\"@id\":\"https:\/\/jstpower.com\/de\/about\/#breadcrumb\"},\"inLanguage\":\"de-DE\",\"potentialAction\":[{\"@type\":\"ReadAction\",\"target\":[\"https:\/\/jstpower.com\/de\/about\/\"]}]},{\"@type\":\"ImageObject\",\"inLanguage\":\"de-DE\",\"@id\":\"https:\/\/jstpower.com\/de\/about\/#primaryimage\",\"url\":\"https:\/\/jstpower.com\/wp-content\/uploads\/2025\/01\/AdobeStock_366055008.jpg\",\"contentUrl\":\"https:\/\/jstpower.com\/wp-content\/uploads\/2025\/01\/AdobeStock_366055008.jpg\",\"width\":1591,\"height\":663,\"caption\":\"Unity and success concept.Bottom view of Engineer team people standing hands holding together at the container yard.Low Angle View of worker and businessman Team Stacking Hands.Panoramic banner.\"},{\"@type\":\"BreadcrumbList\",\"@id\":\"https:\/\/jstpower.com\/de\/about\/#breadcrumb\",\"itemListElement\":[{\"@type\":\"ListItem\",\"position\":1,\"name\":\"Home\",\"item\":\"https:\/\/jstpower.com\/de\/\"},{\"@type\":\"ListItem\",\"position\":2,\"name\":\"\u00dcber uns\"}]},{\"@type\":\"WebSite\",\"@id\":\"https:\/\/jstpower.com\/#website\",\"url\":\"https:\/\/jstpower.com\/\",\"name\":\"JST Power Equipment\",\"description\":\"More Than a Manufacturer. Transforming the Future of Power.\",\"potentialAction\":[{\"@type\":\"SearchAction\",\"target\":{\"@type\":\"EntryPoint\",\"urlTemplate\":\"https:\/\/jstpower.com\/?s={search_term_string}\"},\"query-input\":{\"@type\":\"PropertyValueSpecification\",\"valueRequired\":true,\"valueName\":\"search_term_string\"}}],\"inLanguage\":\"de-DE\"}]}<\/script>\n<!-- \/ Yoast SEO plugin. -->","yoast_head_json":{"title":"\u00dcber uns - JST Power Equipment","description":"JST Power Equipment bietet Transformatoren- und Elektroger\u00e4te, Qualit\u00e4t, Innovation und Zuverl\u00e4ssigkeit f\u00fcr globale Energie.","robots":{"index":"index","follow":"follow","max-snippet":"max-snippet:-1","max-image-preview":"max-image-preview:large","max-video-preview":"max-video-preview:-1"},"canonical":"https:\/\/jstpower.com\/de\/about\/","og_locale":"de_DE","og_type":"article","og_title":"\u00dcber uns - JST Power Equipment","og_description":"JST Power Equipment bietet Transformatoren- und Elektroger\u00e4te, Qualit\u00e4t, Innovation und Zuverl\u00e4ssigkeit f\u00fcr globale Energie.","og_url":"https:\/\/jstpower.com\/de\/about\/","og_site_name":"JST Power Equipment","article_modified_time":"2025-07-31T18:29:19+00:00","og_image":[{"width":1591,"height":663,"url":"https:\/\/jstpower.com\/wp-content\/uploads\/2025\/01\/AdobeStock_366055008.jpg","type":"image\/jpeg"}],"twitter_card":"summary_large_image","twitter_misc":{"Est. reading time":"1 Minute"},"schema":{"@context":"https:\/\/schema.org","@graph":[{"@type":"WebPage","@id":"https:\/\/jstpower.com\/de\/about\/","url":"https:\/\/jstpower.com\/de\/about\/","name":"\u00dcber uns - JST Power Equipment","isPartOf":{"@id":"https:\/\/jstpower.com\/#website"},"primaryImageOfPage":{"@id":"https:\/\/jstpower.com\/de\/about\/#primaryimage"},"image":{"@id":"https:\/\/jstpower.com\/de\/about\/#primaryimage"},"thumbnailUrl":"https:\/\/jstpower.com\/wp-content\/uploads\/2025\/01\/AdobeStock_366055008.jpg","datePublished":"2024-12-19T06:02:04+00:00","dateModified":"2025-07-31T18:29:19+00:00","description":"JST Power Equipment bietet Transformatoren- und Elektroger\u00e4te, Qualit\u00e4t, Innovation und Zuverl\u00e4ssigkeit f\u00fcr globale Energie.","breadcrumb":{"@id":"https:\/\/jstpower.com\/de\/about\/#breadcrumb"},"inLanguage":"de-DE","potentialAction":[{"@type":"ReadAction","target":["https:\/\/jstpower.com\/de\/about\/"]}]},{"@type":"ImageObject","inLanguage":"de-DE","@id":"https:\/\/jstpower.com\/de\/about\/#primaryimage","url":"https:\/\/jstpower.com\/wp-content\/uploads\/2025\/01\/AdobeStock_366055008.jpg","contentUrl":"https:\/\/jstpower.com\/wp-content\/uploads\/2025\/01\/AdobeStock_366055008.jpg","width":1591,"height":663,"caption":"Unity and success concept.Bottom view of Engineer team people standing hands holding together at the container yard.Low Angle View of worker and businessman Team Stacking Hands.Panoramic banner."},{"@type":"BreadcrumbList","@id":"https:\/\/jstpower.com\/de\/about\/#breadcrumb","itemListElement":[{"@type":"ListItem","position":1,"name":"Home","item":"https:\/\/jstpower.com\/de\/"},{"@type":"ListItem","position":2,"name":"\u00dcber uns"}]},{"@type":"WebSite","@id":"https:\/\/jstpower.com\/#website","url":"https:\/\/jstpower.com\/","name":"JST Power Equipment","description":"More Than a Manufacturer. Transforming the Future of Power.","potentialAction":[{"@type":"SearchAction","target":{"@type":"EntryPoint","urlTemplate":"https:\/\/jstpower.com\/?s={search_term_string}"},"query-input":{"@type":"PropertyValueSpecification","valueRequired":true,"valueName":"search_term_string"}}],"inLanguage":"de-DE"}]}},"_links":{"self":[{"href":"https:\/\/jstpower.com\/de\/wp-json\/wp\/v2\/pages\/1467","targetHints":{"allow":["GET"]}}],"collection":[{"href":"https:\/\/jstpower.com\/de\/wp-json\/wp\/v2\/pages"}],"about":[{"href":"https:\/\/jstpower.com\/de\/wp-json\/wp\/v2\/types\/page"}],"author":[{"embeddable":true,"href":"https:\/\/jstpower.com\/de\/wp-json\/wp\/v2\/users\/2"}],"replies":[{"embeddable":true,"href":"https:\/\/jstpower.com\/de\/wp-json\/wp\/v2\/comments?post=1467"}],"version-history":[{"count":0,"href":"https:\/\/jstpower.com\/de\/wp-json\/wp\/v2\/pages\/1467\/revisions"}],"wp:featuredmedia":[{"embeddable":true,"href":"https:\/\/jstpower.com\/de\/wp-json\/wp\/v2\/media\/1251"}],"wp:attachment":[{"href":"https:\/\/jstpower.com\/de\/wp-json\/wp\/v2\/media?parent=1467"}],"curies":[{"name":"wp","href":"https:\/\/api.w.org\/{rel}","templated":true}]}}