{"id":1465,"date":"2024-09-26T20:26:38","date_gmt":"2024-09-26T20:26:38","guid":{"rendered":"https:\/\/jstpower.com\/?page_id=1465"},"modified":"2025-07-31T18:31:52","modified_gmt":"2025-07-31T18:31:52","slug":"product-detail","status":"publish","type":"page","link":"https:\/\/jstpower.com\/de\/product-detail\/","title":{"rendered":"Produkte &#038; Services"},"content":{"rendered":"","protected":false},"excerpt":{"rendered":"","protected":false},"author":2,"featured_media":1998,"parent":0,"menu_order":0,"comment_status":"closed","ping_status":"closed","template":"","meta":{"_acf_changed":false,"footnotes":""},"class_list":["post-1465","page","type-page","status-publish","has-post-thumbnail","hentry"],"acf":[],"yoast_head":"<!-- This site is optimized with the Yoast SEO plugin v26.2 - https:\/\/yoast.com\/wordpress\/plugins\/seo\/ -->\n<title>Produkte &amp; Services - JST Power Equipment<\/title>\n<meta name=\"description\" content=\"Entdecken Sie unsere Produkte und Dienstleistungen: Transformatoren, Schaltanlagen und innovative Energiel\u00f6sungen f\u00fcr Ihre Bed\u00fcrfnisse.\" \/>\n<meta name=\"robots\" content=\"index, follow, max-snippet:-1, max-image-preview:large, max-video-preview:-1\" \/>\n<link rel=\"canonical\" href=\"https:\/\/jstpower.com\/de\/product-detail\/\" \/>\n<meta property=\"og:locale\" content=\"de_DE\" \/>\n<meta property=\"og:type\" content=\"article\" \/>\n<meta property=\"og:title\" content=\"Produkte &amp; Services - JST Power Equipment\" \/>\n<meta property=\"og:description\" content=\"Entdecken Sie unsere Produkte und Dienstleistungen: Transformatoren, Schaltanlagen und innovative Energiel\u00f6sungen f\u00fcr Ihre Bed\u00fcrfnisse.\" \/>\n<meta property=\"og:url\" content=\"https:\/\/jstpower.com\/de\/product-detail\/\" \/>\n<meta property=\"og:site_name\" content=\"JST Power Equipment\" \/>\n<meta property=\"article:modified_time\" content=\"2025-07-31T18:31:52+00:00\" \/>\n<meta property=\"og:image\" content=\"https:\/\/jstpower.com\/wp-content\/uploads\/2025\/01\/solar-wind-electricity-utilities-AdobeStock_434013605-scaled.jpeg\" \/>\n\t<meta property=\"og:image:width\" content=\"2560\" \/>\n\t<meta property=\"og:image:height\" content=\"1703\" \/>\n\t<meta property=\"og:image:type\" content=\"image\/jpeg\" \/>\n<meta name=\"twitter:card\" content=\"summary_large_image\" \/>\n<meta name=\"twitter:label1\" content=\"Est. reading time\" \/>\n\t<meta name=\"twitter:data1\" content=\"1 Minute\" \/>\n<script type=\"application\/ld+json\" class=\"yoast-schema-graph\">{\"@context\":\"https:\/\/schema.org\",\"@graph\":[{\"@type\":\"WebPage\",\"@id\":\"https:\/\/jstpower.com\/de\/product-detail\/\",\"url\":\"https:\/\/jstpower.com\/de\/product-detail\/\",\"name\":\"Produkte & Services - JST Power Equipment\",\"isPartOf\":{\"@id\":\"https:\/\/jstpower.com\/#website\"},\"primaryImageOfPage\":{\"@id\":\"https:\/\/jstpower.com\/de\/product-detail\/#primaryimage\"},\"image\":{\"@id\":\"https:\/\/jstpower.com\/de\/product-detail\/#primaryimage\"},\"thumbnailUrl\":\"https:\/\/jstpower.com\/wp-content\/uploads\/2025\/01\/solar-wind-electricity-utilities-AdobeStock_434013605-scaled.jpeg\",\"datePublished\":\"2024-09-26T20:26:38+00:00\",\"dateModified\":\"2025-07-31T18:31:52+00:00\",\"description\":\"Entdecken Sie unsere Produkte und Dienstleistungen: Transformatoren, Schaltanlagen und innovative Energiel\u00f6sungen f\u00fcr Ihre Bed\u00fcrfnisse.\",\"breadcrumb\":{\"@id\":\"https:\/\/jstpower.com\/de\/product-detail\/#breadcrumb\"},\"inLanguage\":\"de-DE\",\"potentialAction\":[{\"@type\":\"ReadAction\",\"target\":[\"https:\/\/jstpower.com\/de\/product-detail\/\"]}]},{\"@type\":\"ImageObject\",\"inLanguage\":\"de-DE\",\"@id\":\"https:\/\/jstpower.com\/de\/product-detail\/#primaryimage\",\"url\":\"https:\/\/jstpower.com\/wp-content\/uploads\/2025\/01\/solar-wind-electricity-utilities-AdobeStock_434013605-scaled.jpeg\",\"contentUrl\":\"https:\/\/jstpower.com\/wp-content\/uploads\/2025\/01\/solar-wind-electricity-utilities-AdobeStock_434013605-scaled.jpeg\",\"width\":2560,\"height\":1703,\"caption\":\"electricity power in nature. clean energy concept. solar panel with turbine and tower hight voltage\"},{\"@type\":\"BreadcrumbList\",\"@id\":\"https:\/\/jstpower.com\/de\/product-detail\/#breadcrumb\",\"itemListElement\":[{\"@type\":\"ListItem\",\"position\":1,\"name\":\"Home\",\"item\":\"https:\/\/jstpower.com\/de\/\"},{\"@type\":\"ListItem\",\"position\":2,\"name\":\"Produkte &#038; Services\"}]},{\"@type\":\"WebSite\",\"@id\":\"https:\/\/jstpower.com\/#website\",\"url\":\"https:\/\/jstpower.com\/\",\"name\":\"JST Power Equipment\",\"description\":\"More Than a Manufacturer. Transforming the Future of Power.\",\"potentialAction\":[{\"@type\":\"SearchAction\",\"target\":{\"@type\":\"EntryPoint\",\"urlTemplate\":\"https:\/\/jstpower.com\/?s={search_term_string}\"},\"query-input\":{\"@type\":\"PropertyValueSpecification\",\"valueRequired\":true,\"valueName\":\"search_term_string\"}}],\"inLanguage\":\"de-DE\"}]}<\/script>\n<!-- \/ Yoast SEO plugin. -->","yoast_head_json":{"title":"Produkte & Services - JST Power Equipment","description":"Entdecken Sie unsere Produkte und Dienstleistungen: Transformatoren, Schaltanlagen und innovative Energiel\u00f6sungen f\u00fcr Ihre Bed\u00fcrfnisse.","robots":{"index":"index","follow":"follow","max-snippet":"max-snippet:-1","max-image-preview":"max-image-preview:large","max-video-preview":"max-video-preview:-1"},"canonical":"https:\/\/jstpower.com\/de\/product-detail\/","og_locale":"de_DE","og_type":"article","og_title":"Produkte & Services - JST Power Equipment","og_description":"Entdecken Sie unsere Produkte und Dienstleistungen: Transformatoren, Schaltanlagen und innovative Energiel\u00f6sungen f\u00fcr Ihre Bed\u00fcrfnisse.","og_url":"https:\/\/jstpower.com\/de\/product-detail\/","og_site_name":"JST Power Equipment","article_modified_time":"2025-07-31T18:31:52+00:00","og_image":[{"width":2560,"height":1703,"url":"https:\/\/jstpower.com\/wp-content\/uploads\/2025\/01\/solar-wind-electricity-utilities-AdobeStock_434013605-scaled.jpeg","type":"image\/jpeg"}],"twitter_card":"summary_large_image","twitter_misc":{"Est. reading time":"1 Minute"},"schema":{"@context":"https:\/\/schema.org","@graph":[{"@type":"WebPage","@id":"https:\/\/jstpower.com\/de\/product-detail\/","url":"https:\/\/jstpower.com\/de\/product-detail\/","name":"Produkte & Services - JST Power Equipment","isPartOf":{"@id":"https:\/\/jstpower.com\/#website"},"primaryImageOfPage":{"@id":"https:\/\/jstpower.com\/de\/product-detail\/#primaryimage"},"image":{"@id":"https:\/\/jstpower.com\/de\/product-detail\/#primaryimage"},"thumbnailUrl":"https:\/\/jstpower.com\/wp-content\/uploads\/2025\/01\/solar-wind-electricity-utilities-AdobeStock_434013605-scaled.jpeg","datePublished":"2024-09-26T20:26:38+00:00","dateModified":"2025-07-31T18:31:52+00:00","description":"Entdecken Sie unsere Produkte und Dienstleistungen: Transformatoren, Schaltanlagen und innovative Energiel\u00f6sungen f\u00fcr Ihre Bed\u00fcrfnisse.","breadcrumb":{"@id":"https:\/\/jstpower.com\/de\/product-detail\/#breadcrumb"},"inLanguage":"de-DE","potentialAction":[{"@type":"ReadAction","target":["https:\/\/jstpower.com\/de\/product-detail\/"]}]},{"@type":"ImageObject","inLanguage":"de-DE","@id":"https:\/\/jstpower.com\/de\/product-detail\/#primaryimage","url":"https:\/\/jstpower.com\/wp-content\/uploads\/2025\/01\/solar-wind-electricity-utilities-AdobeStock_434013605-scaled.jpeg","contentUrl":"https:\/\/jstpower.com\/wp-content\/uploads\/2025\/01\/solar-wind-electricity-utilities-AdobeStock_434013605-scaled.jpeg","width":2560,"height":1703,"caption":"electricity power in nature. clean energy concept. solar panel with turbine and tower hight voltage"},{"@type":"BreadcrumbList","@id":"https:\/\/jstpower.com\/de\/product-detail\/#breadcrumb","itemListElement":[{"@type":"ListItem","position":1,"name":"Home","item":"https:\/\/jstpower.com\/de\/"},{"@type":"ListItem","position":2,"name":"Produkte &#038; Services"}]},{"@type":"WebSite","@id":"https:\/\/jstpower.com\/#website","url":"https:\/\/jstpower.com\/","name":"JST Power Equipment","description":"More Than a Manufacturer. Transforming the Future of Power.","potentialAction":[{"@type":"SearchAction","target":{"@type":"EntryPoint","urlTemplate":"https:\/\/jstpower.com\/?s={search_term_string}"},"query-input":{"@type":"PropertyValueSpecification","valueRequired":true,"valueName":"search_term_string"}}],"inLanguage":"de-DE"}]}},"_links":{"self":[{"href":"https:\/\/jstpower.com\/de\/wp-json\/wp\/v2\/pages\/1465","targetHints":{"allow":["GET"]}}],"collection":[{"href":"https:\/\/jstpower.com\/de\/wp-json\/wp\/v2\/pages"}],"about":[{"href":"https:\/\/jstpower.com\/de\/wp-json\/wp\/v2\/types\/page"}],"author":[{"embeddable":true,"href":"https:\/\/jstpower.com\/de\/wp-json\/wp\/v2\/users\/2"}],"replies":[{"embeddable":true,"href":"https:\/\/jstpower.com\/de\/wp-json\/wp\/v2\/comments?post=1465"}],"version-history":[{"count":0,"href":"https:\/\/jstpower.com\/de\/wp-json\/wp\/v2\/pages\/1465\/revisions"}],"wp:featuredmedia":[{"embeddable":true,"href":"https:\/\/jstpower.com\/de\/wp-json\/wp\/v2\/media\/1998"}],"wp:attachment":[{"href":"https:\/\/jstpower.com\/de\/wp-json\/wp\/v2\/media?parent=1465"}],"curies":[{"name":"wp","href":"https:\/\/api.w.org\/{rel}","templated":true}]}}